{"id":80,"date":"2020-04-16T10:59:18","date_gmt":"2020-04-16T10:59:18","guid":{"rendered":"http:\/\/dunstsauerkirschen.de\/en\/?page_id=80"},"modified":"2020-10-06T12:50:36","modified_gmt":"2020-10-06T12:50:36","slug":"sour-cherry-in-general","status":"publish","type":"page","link":"http:\/\/dunstsauerkirschen.de\/de\/sour-cherry-in-general\/","title":{"rendered":"\u00dcber die Sauerkirsche im Allgemeinen"},"content":{"rendered":"\n<h2><span class=\"has-inline-color has-vivid-red-color\">\u00dcber die Sauerkirsche im Allgemeinen<\/span><\/h2>\n\n\n\n<p>Die Liebliegnsgfrucht in Europa ist Sauerkirsche, die in fast jedem Land angebaut wird. Die gr\u00f6\u00dften Plantagen befinden sich in Polen, Serbien, Ungarn und Deutschland. Die Sorten Schattenmorellen und die ungarische \u201ePandy\u201d Sorte eignen sich am besten f\u00fcr die industrielle Verarbeitung in der Konservenindustrie. Sie sehen \u00e4usserlich sehr sch\u00f6n aus, sowohl in der Gr\u00f6\u00dfe als auch in Geschmack. Die serbische Sorte Oblachinska ist sowohl in der Gefrierindustrie als auch in der Konservenindustrie beliebt. Obwohl es kleiner als Pandy-Sorten ist, mit einer dunklen Farbe, einem intensiven Geschmack und einem starken S\u00e4uregeschmack, ist es auch eine beliebte Sorte in der S\u00fc\u00dfwaren- und Backindustrie. Die polnische Sorte Lutovka ist in der Saft- und Gefrierindustrie beliebt.<\/p>\n\n\n\n<figure class=\"wp-block-image alignwide size-large\"><img loading=\"lazy\" width=\"1024\" height=\"465\" src=\"http:\/\/dunstsauerkirschen.de\/wp-content\/uploads\/2020\/05\/ms1-1024x465.jpg\" alt=\"\" class=\"wp-image-243\" srcset=\"http:\/\/dunstsauerkirschen.de\/wp-content\/uploads\/2020\/05\/ms1-1024x465.jpg 1024w, http:\/\/dunstsauerkirschen.de\/wp-content\/uploads\/2020\/05\/ms1-300x136.jpg 300w, http:\/\/dunstsauerkirschen.de\/wp-content\/uploads\/2020\/05\/ms1-768x349.jpg 768w, http:\/\/dunstsauerkirschen.de\/wp-content\/uploads\/2020\/05\/ms1.jpg 1100w\" sizes=\"(max-width: 1024px) 100vw, 1024px\" \/><\/figure>\n\n\n\n<h2><span class=\"has-inline-color has-vivid-red-color\">Technologie<\/span><\/h2>\n\n\n\n<p>Wer hochwertige Konserven herstellen m\u00f6chte, beginnt die Inspektion in den Sauerkirschplantagen. Es ist wichtig, die Einhaltung der geeigneten agrochemischen Technologien durch die Hersteller sowie den angemessenen Schutz vor Viren, Pilzinfektionen und Fruchtsch\u00e4dlingen zu \u00fcberwachen.<\/p>\n\n\n\n<p>&#8211; Wir kaufen nur von einem validierten Hersteller und es wird w\u00e4hrend der Vegetationsperiode \u00fcberpr\u00fcft<br>&#8211; Nach unserem Belegprotokoll &#8230; pr\u00fcfen wir den eingehenden Rohstoff<br>&#8211; Unterlegscheiben, optische Sortierer, eingebaute Magnete und Pr\u00e4zisionskerne sorgen f\u00fcr hohe Qualit\u00e4t.<br>&#8211; W\u00e4hrend der Verarbeitung kontrollieren wir die Produktion um\u2026 und greifen bei Bedarf in den technologischen Prozess ein.<\/p>\n\n\n\n<p>Das Produkt wird einer W\u00e4rmebehandlung (sogenannte Pasteurisierung) unter 100 Grad unterzogen, ohne die Zusetzung von Konservierungsmittel.<\/p>\n\n\n\n<figure class=\"wp-block-image alignwide size-large\"><img loading=\"lazy\" width=\"1024\" height=\"465\" src=\"http:\/\/dunstsauerkirschen.de\/wp-content\/uploads\/2020\/05\/ms4-1024x465.jpg\" alt=\"\" class=\"wp-image-256\" srcset=\"http:\/\/dunstsauerkirschen.de\/wp-content\/uploads\/2020\/05\/ms4-1024x465.jpg 1024w, http:\/\/dunstsauerkirschen.de\/wp-content\/uploads\/2020\/05\/ms4-300x136.jpg 300w, http:\/\/dunstsauerkirschen.de\/wp-content\/uploads\/2020\/05\/ms4-768x349.jpg 768w, http:\/\/dunstsauerkirschen.de\/wp-content\/uploads\/2020\/05\/ms4.jpg 1100w\" sizes=\"(max-width: 1024px) 100vw, 1024px\" \/><\/figure>\n\n\n\n<h2><span class=\"has-inline-color has-vivid-red-color\">\u00dcber das Produkt<\/span><\/h2>\n\n\n\n<p>Wir verarbeiten ungarische Pandy- und serbische Oblachinska-Sorten<\/p>\n\n\n\n<p><strong><u>Pandy<\/u><\/strong><br>PANDY f\u00fcr Dekoration Wasserpackung<br>PANDY im Wasserbeutel zum Auff\u00fcllen und F\u00fcllen<br>PANDY in light syrup&nbsp; f\u00fcr HORECA<\/p>\n\n\n\n<p><strong><u>Oblachinska<\/u><\/strong> <br>OBLACHINSKA zum Bef\u00fcllen<\/p>\n\n\n\n<figure class=\"wp-block-image alignwide size-large\"><img loading=\"lazy\" width=\"1024\" height=\"465\" src=\"http:\/\/dunstsauerkirschen.de\/wp-content\/uploads\/2020\/05\/ms5-1024x465.jpg\" alt=\"\" class=\"wp-image-257\" srcset=\"http:\/\/dunstsauerkirschen.de\/wp-content\/uploads\/2020\/05\/ms5-1024x465.jpg 1024w, http:\/\/dunstsauerkirschen.de\/wp-content\/uploads\/2020\/05\/ms5-300x136.jpg 300w, http:\/\/dunstsauerkirschen.de\/wp-content\/uploads\/2020\/05\/ms5-768x349.jpg 768w, http:\/\/dunstsauerkirschen.de\/wp-content\/uploads\/2020\/05\/ms5.jpg 1100w\" sizes=\"(max-width: 1024px) 100vw, 1024px\" \/><\/figure>\n","protected":false},"excerpt":{"rendered":"<p>\u00dcber die Sauerkirsche im Allgemeinen Die Liebliegnsgfrucht in Europa ist Sauerkirsche, die in fast jedem Land angebaut wird. Die gr\u00f6\u00dften Plantagen befinden sich in Polen, Serbien, Ungarn und Deutschland. Die Sorten Schattenmorellen und die ungarische \u201ePandy\u201d Sorte eignen sich am besten f\u00fcr die industrielle Verarbeitung in der Konservenindustrie. Sie sehen \u00e4usserlich sehr sch\u00f6n aus, sowohl &#8230; <a title=\"\u00dcber die Sauerkirsche im Allgemeinen\" class=\"read-more\" href=\"http:\/\/dunstsauerkirschen.de\/de\/sour-cherry-in-general\/\" aria-label=\"Mehr bei \u00dcber die Sauerkirsche im Allgemeinen\">Weiterlesen &#8230;<\/a><\/p>\n","protected":false},"author":1,"featured_media":0,"parent":0,"menu_order":0,"comment_status":"closed","ping_status":"closed","template":"","meta":[],"_links":{"self":[{"href":"http:\/\/dunstsauerkirschen.de\/de\/wp-json\/wp\/v2\/pages\/80"}],"collection":[{"href":"http:\/\/dunstsauerkirschen.de\/de\/wp-json\/wp\/v2\/pages"}],"about":[{"href":"http:\/\/dunstsauerkirschen.de\/de\/wp-json\/wp\/v2\/types\/page"}],"author":[{"embeddable":true,"href":"http:\/\/dunstsauerkirschen.de\/de\/wp-json\/wp\/v2\/users\/1"}],"replies":[{"embeddable":true,"href":"http:\/\/dunstsauerkirschen.de\/de\/wp-json\/wp\/v2\/comments?post=80"}],"version-history":[{"count":19,"href":"http:\/\/dunstsauerkirschen.de\/de\/wp-json\/wp\/v2\/pages\/80\/revisions"}],"predecessor-version":[{"id":285,"href":"http:\/\/dunstsauerkirschen.de\/de\/wp-json\/wp\/v2\/pages\/80\/revisions\/285"}],"wp:attachment":[{"href":"http:\/\/dunstsauerkirschen.de\/de\/wp-json\/wp\/v2\/media?parent=80"}],"curies":[{"name":"wp","href":"https:\/\/api.w.org\/{rel}","templated":true}]}}